{"id":7689,"date":"2021-10-02T19:55:38","date_gmt":"2021-10-02T17:55:38","guid":{"rendered":"https:\/\/gtavillamagna.com\/politica-de-privacidad\/"},"modified":"2025-10-28T17:32:15","modified_gmt":"2025-10-28T15:32:15","slug":"privacy-polity","status":"publish","type":"page","link":"https:\/\/gtavillamagna.com\/en\/privacy-polity\/","title":{"rendered":"Privacy Polity"},"content":{"rendered":"<p>A los efectos de lo previsto en el Reglamento General de Protecci\u00f3n de Datos, se informa a los usuarios de esta p\u00e1gina Web de que los datos de car\u00e1cter personal que faciliten a trav\u00e9s de ella, tanto cumplimentando cualquier formulario, como a trav\u00e9s de correo electr\u00f3nico o por cualquier otro medio ser\u00e1n tratados de conformidad con la presente Pol\u00edtica de Protecci\u00f3n de datos.<\/p>\n<p>Los datos facilitados ser\u00e1n tratados por GTA VILLAMAGNA ABOGADOS, S.L.P. (en adelante, GTA) cuyos datos de contacto son los siguientes:<\/p>\n<p>CIF: B86575172<\/p>\n<p>Domicilio: Calle Marqu\u00e9s de Villamagna, 3 planta 6\u00aa, 28001- Madrid.<\/p>\n<ol>\n<li>(+34) 917 813 528 \u2013 F. (+34) 915 757 685<\/li>\n<\/ol>\n<p>Correo Electr\u00f3nico: <a href=\"mailto:gtavillamagna@gtavillamagna.com\">gtavillamagna@gtavillamagna.com<\/a><\/p>\n<p>Los datos ser\u00e1n tratados para resolver consultas, solicitudes o tramitar cualquier tipo de petici\u00f3n que sea realizada por el usuario a trav\u00e9s de cualquiera de las formas de contacto que se ponen a disposici\u00f3n del usuario en el sitio web de la compa\u00f1\u00eda. Para esta finalidad, sus datos ser\u00e1n conservados hasta que se resuelva la consulta, solicitud o petici\u00f3n y, a\u00fan despu\u00e9s, hasta que prescriban las eventuales responsabilidades que se pudieran derivar de las mismas.<\/p>\n<p>Los datos ser\u00e1n tratados sobre la base del consentimiento de los usuarios, que podr\u00e1 ser revocado en cualquier momento, si bien ello no afectar\u00e1 a la licitud de los datos tratados con anterioridad a la retirada del consentimiento. La entrega de los datos es voluntaria, aunque en caso de no facilitarse no se podr\u00e1n tratar para las finalidades indicadas.<\/p>\n<p>En caso de facilitarse datos de terceros, es responsabilidad del usuario haberles informado previamente de todo lo dispuesto en esta cl\u00e1usula y obtener su consentimiento.<\/p>\n<p>El Usuario es responsable de que la informaci\u00f3n que proporcione a trav\u00e9s de esta Web sea cierta. A estos efectos, el Usuario responde de la veracidad de todos los datos que comunique y mantendr\u00e1 convenientemente actualizada la informaci\u00f3n facilitada, de tal forma que responda a su situaci\u00f3n real. El Usuario ser\u00e1 responsable de las informaciones falsas o inexactas que proporcione y de los perjuicios que ello cause a GTA o a terceros.<\/p>\n<p>Asimismo, GTA informa de que a trav\u00e9s de sus redes sociales se publicar\u00e1 informaci\u00f3n publicitaria sobre los servicios que ofrece, aceptando el usuario ser destinatario de dicha informaci\u00f3n por el mero hecho de hacerse \u201camigo\u201d o seguidor\u201d de GTA en las redes sociales. Si el Usuario no desea recibir esta informaci\u00f3n en sus perfiles de las redes sociales, deber\u00e1 dejar de seguir a GTA en las mismas.<\/p>\n<p>GTA garantizan la seguridad y confidencialidad de los datos de car\u00e1cter personal que le sean facilitados. A tal fin, tiene implantadas las medidas de \u00edndole t\u00e9cnica y organizativa adecuadas que son necesarias para evitar su alteraci\u00f3n, p\u00e9rdida, tratamiento o acceso no autorizados, de acuerdo con el an\u00e1lisis de riesgo efectuado sobre el tratamiento de los datos personales, tal y como viene estipulado en el Reglamento General de Protecci\u00f3n de Datos.<\/p>\n<p>De conformidad con lo dispuesto en el Reglamento General de Protecci\u00f3n de Datos, se informa a los usuarios de la posibilidad de ejercer los derechos de acceso, rectificaci\u00f3n, supresi\u00f3n, limitaci\u00f3n, oposici\u00f3n y portabilidad mediante solicitud escrita y firmada en la que se contenga la siguiente informaci\u00f3n: nombre, apellidos, domicilio a efectos de notificaciones, fotocopia del DNI o Pasaporte, y petici\u00f3n en que se concreta la solicitud. El escrito deber\u00e1 remitirse a GTA VILLAMAGNA ABOGADOS, S.L.P. en cualquiera de las direcciones arriba indicadas. Ante cualquier eventual vulneraci\u00f3n de sus derechos, se puede presentar una reclamaci\u00f3n ante la Agencia Espa\u00f1ola de Protecci\u00f3n de Datos.<\/p>\n","protected":false},"excerpt":{"rendered":"<p>A los efectos de lo previsto en el Reglamento General de Protecci\u00f3n de Datos, se informa a los usuarios de esta p\u00e1gina Web de que los datos de car\u00e1cter personal que faciliten a trav\u00e9s de ella, tanto cumplimentando cualquier formulario, como a trav\u00e9s de correo electr\u00f3nico o por cualquier otro medio ser\u00e1n tratados de conformidad&#8230;  <a href=\"https:\/\/gtavillamagna.com\/en\/privacy-polity\/\" title=\"Leer Privacy Polity\">Leer m\u00e1s &raquo;<\/a><\/p>\n","protected":false},"author":1,"featured_media":0,"parent":0,"menu_order":11,"comment_status":"closed","ping_status":"closed","template":"","meta":{"_acf_changed":false,"footnotes":""},"class_list":["post-7689","page","type-page","status-publish","hentry"],"acf":[],"_links":{"self":[{"href":"https:\/\/gtavillamagna.com\/en\/wp-json\/wp\/v2\/pages\/7689","targetHints":{"allow":["GET"]}}],"collection":[{"href":"https:\/\/gtavillamagna.com\/en\/wp-json\/wp\/v2\/pages"}],"about":[{"href":"https:\/\/gtavillamagna.com\/en\/wp-json\/wp\/v2\/types\/page"}],"author":[{"embeddable":true,"href":"https:\/\/gtavillamagna.com\/en\/wp-json\/wp\/v2\/users\/1"}],"replies":[{"embeddable":true,"href":"https:\/\/gtavillamagna.com\/en\/wp-json\/wp\/v2\/comments?post=7689"}],"version-history":[{"count":4,"href":"https:\/\/gtavillamagna.com\/en\/wp-json\/wp\/v2\/pages\/7689\/revisions"}],"predecessor-version":[{"id":8913,"href":"https:\/\/gtavillamagna.com\/en\/wp-json\/wp\/v2\/pages\/7689\/revisions\/8913"}],"wp:attachment":[{"href":"https:\/\/gtavillamagna.com\/en\/wp-json\/wp\/v2\/media?parent=7689"}],"curies":[{"name":"wp","href":"https:\/\/api.w.org\/{rel}","templated":true}]}}