{"id":7683,"date":"2021-10-02T19:52:06","date_gmt":"2021-10-02T17:52:06","guid":{"rendered":"https:\/\/gtavillamagna.com\/aviso-legal\/"},"modified":"2025-10-28T17:33:09","modified_gmt":"2025-10-28T15:33:09","slug":"legal-notice","status":"publish","type":"page","link":"https:\/\/gtavillamagna.com\/en\/legal-notice\/","title":{"rendered":"Legal"},"content":{"rendered":"<h2>1. Datos del titular del dominio<\/h2>\n<p>La titularidad del dominio <a href=\"http:\/\/www.gtavillamagna.com\">www.gtavillamagna.com<\/a> es propiedad de GTA VILLAMAGNA ABOGADOS, S.L.P. con domicilio social en la calle Marqu\u00e9s de Villamagna, 3, 6\u00ba, 28001 \u2013 Madrid (Espa\u00f1a) y CIF n\u00famero: B-86575172 e inscrita en el Registro Mercantil de Madrid, Tomo: 30.289, Folio: 162, Hoja: M-545178, inscripci\u00f3n 1\u00aa, en adelante (GTA VILLAMAGNA).<\/p>\n<p>GTA VILLAMAGNA ha publicado este sitio Web para facilitar a los potenciales visitantes el acceso a la informaci\u00f3n referida a los servicios jur\u00eddicos profesionales que pone a su disposici\u00f3n y que se encuentran detallados en sus contenidos. La informaci\u00f3n expuesta en este sitio Web se deja a la libre disposici\u00f3n de los usuarios que accedan al sitio Web de manera particular e individual, sin coste alguno. Queda expresamente prohibida la comercializaci\u00f3n del derecho de acceso.<\/p>\n<p>&nbsp;<\/p>\n<h2>2. Exactitud de la informaci\u00f3n<\/h2>\n<p>GTA VILLAMAGNA pone el m\u00e1ximo empe\u00f1o en la exactitud y actualizaci\u00f3n de la informaci\u00f3n publicada en su sitio Web. Sin embargo, no se responsabiliza de las consecuencias de la lectura de la misma. Asimismo, GTA VILLAMAGNA no se responsabiliza de ning\u00fan da\u00f1o o perjuicio sufrido por el usuario que pudiera derivarse del acceso a este sitio Web o del uso de los contenidos del mismo.<\/p>\n<p>&nbsp;<\/p>\n<h2>3. Enlaces, &#8220;links&#8221; a p\u00e1ginas de terceros<\/h2>\n<p>GTA VILLAMAGNA puede incluir dentro de sus contenidos enlaces con sitios pertenecientes y\/o gestionados por terceros con el objeto de facilitar el acceso a informaci\u00f3n disponible a trav\u00e9s de Internet. GTA VILLAMAGNA no asume ninguna responsabilidad derivada de la existencia de enlaces entre los contenidos de este sitio y contenidos situados fuera del mismo. Tales enlaces o menciones tienen una finalidad exclusivamente informativa y, en ning\u00fan caso, implican el apoyo, aprobaci\u00f3n, comercializaci\u00f3n o relaci\u00f3n alguna entre GTA VILLAMAGNA y las personas o entidades autoras y\/o gestoras de tales contenidos o titulares de los sitios donde se encuentren.<\/p>\n<p>&nbsp;<\/p>\n<h2>4. Garant\u00edas y Responsabilidades<\/h2>\n<p>GTA VILLAMAGNA no garantiza el funcionamiento permanente del sitio Web ni la inexistencia de errores de software, fallos en las comunicaciones u otros problemas de Hardware, no respondiendo en ning\u00fan caso de las consecuencias que pudieran derivarse de los mismos para los usuarios. No obstante, GTA VILLAMAGNA intentar\u00e1 facilitar en la medida de sus posibilidades ayuda t\u00e9cnica al usuario, por lo que cualquier petici\u00f3n de informaci\u00f3n o resoluci\u00f3n de incidencias, en relaci\u00f3n con la Web y su funcionamiento, ser\u00e1 atendida por GTA VILLAMAGNA en la siguiente direcci\u00f3n: <a href=\"mailto:gtavillamagna@gtavillamagna.com\">gtavillamagna@gtavillamagna.com<\/a><\/p>\n<p>&nbsp;<\/p>\n<h2>5 Pol\u00edtica de cookies<\/h2>\n<p>En cumplimento del art\u00edculo 21 de la Ley 34\/2002, de 11 de julio, de servicios de sociedad de la informaci\u00f3n y comercio electr\u00f3nico (LSSI), te informamos que este sitio web puede utilizar Cookies (peque\u00f1os archivos de informaci\u00f3n que el servidor env\u00eda al ordenador de quien accede a la p\u00e1gina).<\/p>\n<p>Las Cookies que utiliza este sitio web son de dos tipos<\/p>\n<h3>Cookies propias:<\/h3>\n<p><strong>Cookies t\u00e9cnicas:<\/strong> Estas Cookies se utilizan para llevar a cabo determinadas funciones que son consideradas imprescindibles para el correcto funcionamiento y visualizaci\u00f3n del sitio web. Son de car\u00e1cter temporal, y tienen como \u00fanica finalidad hacer m\u00e1s eficaz la transmisi\u00f3n por una red de comunicaciones electr\u00f3nicas o, en la medida que resultan estrictamente necesarias, para la prestaci\u00f3n de un servicio expresamente solicitado por el usuario, y desaparecen al terminar la sesi\u00f3n. En ning\u00fan caso, este tipo de cookies se utilizan para recoger informaci\u00f3n de car\u00e1cter personal.<\/p>\n<p>Si se desactivan estas cookies, no podr\u00e1 recibir correctamente nuestros contenidos y servicios.<\/p>\n<h3>Cookies de terceros:<\/h3>\n<p><strong>Cookies anal\u00edticas de Google:<\/strong> Google Analytics utiliza \u201cCookies\u201d que son peque\u00f1os archivos de informaci\u00f3n que se ubican en el ordenador del usuario para ayudar al website a analizar el uso que hacen los usuarios de este sitio web.<br \/>\nLa informaci\u00f3n recogida mediante este tipo de cookies se utiliza en la medici\u00f3n de la actividad de este sitio web, aplicaci\u00f3n o plataforma y para la elaboraci\u00f3n de perfiles de navegaci\u00f3n de los usuarios de dicho sitio, aplicaciones y plataformas, con el fin de introducir mejoras en funci\u00f3n del an\u00e1lisis de los datos de uso que hacen los usuarios del servicio.<\/p>\n<p>Asimismo, la informaci\u00f3n que generan estas cookies acerca del uso del website (incluyendo la direcci\u00f3n IP) ser\u00e1 directamente trasmitida y archivada por Google, si desea saber m\u00e1s informaci\u00f3n sobre las Cookies de google, puede consultar su pol\u00edtica de uso en <a href=\"http:\/\/www.google.es\/intl\/es\/policies\/technologies\/cookies\/\">http:\/\/www.google.es\/intl\/es\/policies\/technologies\/cookies\/<\/a><\/p>\n<p>Las Cookies anal\u00edticas no resultan necesarias para la navegaci\u00f3n e y utilizaci\u00f3n de la p\u00e1gina web.<\/p>\n<p>Le informamos que, si Usted NO consiente el uso de estas cookies en su ordenador para dichas finalidades, puede f\u00e1cilmente rechazar y eliminar autom\u00e1ticamente las Cookies mediante la selecci\u00f3n de la configuraci\u00f3n apropiada de su navegador.<\/p>\n<p><strong>Direcciones IP:<\/strong> Los servidores del sitio web podr\u00e1n detectar de manera autom\u00e1tica la direcci\u00f3n IP y el nombre de dominio utilizados por el usuario. Una direcci\u00f3n IP es un n\u00famero asignado autom\u00e1ticamente a un ordenador cuando \u00e9ste se conecta a Internet. Toda esta informaci\u00f3n es registrada en un fichero de actividad del servidor debidamente inscrito que permite el posterior procesamiento de los datos con el fin de obtener mediciones \u00fanicamente estad\u00edsticas que permitan conocer el n\u00famero de impresiones de p\u00e1ginas, el n\u00famero de visitas realizadas a los servicios web, el orden de visitas, el punto de acceso, etc.<\/p>\n<p>&nbsp;<\/p>\n<h2>6. Derechos de Propiedad Intelectual<\/h2>\n<p>Este Sitio Web se rige por las leyes espa\u00f1olas y se encuentra protegido por la legislaci\u00f3n nacional e internacional sobre propiedad intelectual.<\/p>\n<p>Todos los elementos (marcas, dise\u00f1os, textos, enlaces, logos, im\u00e1genes, v\u00eddeos, elementos sonoros, software, bases de datos, c\u00f3digos&#8230;) contenidos en la p\u00e1gina de <a href=\"http:\/\/www.gtavillamagna.com\">www.gtavillamagna.com<\/a> est\u00e1n protegidos por el derecho nacional e internacional de propiedad intelectual. Estos elementos son propiedad exclusiva de GTA VILLAMAGNA.<\/p>\n<p>Cualquier reproducci\u00f3n, transmisi\u00f3n, adaptaci\u00f3n, traducci\u00f3n, modificaci\u00f3n, comunicaci\u00f3n al p\u00fablico, o cualquier otra explotaci\u00f3n de todo o parte del contenido de este Sitio Web, efectuada de cualquier forma o por cualquier medio, electr\u00f3nico, mec\u00e1nico u otro, est\u00e1n estrictamente prohibidos salvo autorizaci\u00f3n previa por escrito de GTA VILLAMAGNA. Cualquier infracci\u00f3n de estos derechos puede dar lugar a procedimientos extrajudiciales o judiciales civiles o penales que correspondan.<\/p>\n<p>GTA VILLAMAGNA no concede ninguna licencia o autorizaci\u00f3n de uso de ninguna clase sobre sus derechos de propiedad intelectual e industrial o sobre cualquier otra propiedad o derecho relacionado con esta Web, los servicios o los contenidos del mismo.<\/p>\n<p>La legitimidad de los derechos de propiedad intelectual o industrial correspondientes a los contenidos aportados por los Usuarios es de la exclusiva responsabilidad del mismo.<\/p>\n<p>&nbsp;<\/p>\n<h2>7. Ley y Jurisdicci\u00f3n aplicable<\/h2>\n<p>Las presentes condiciones se rigen por la ley espa\u00f1ola. Cualquier duda que pueda surgir en el cumplimiento e interpretaci\u00f3n de las mismas, se someter\u00e1 a los Juzgados y Tribunales de la ciudad de Madrid.<\/p>\n","protected":false},"excerpt":{"rendered":"<p>1. Datos del titular del dominio La titularidad del dominio www.gtavillamagna.com es propiedad de GTA VILLAMAGNA ABOGADOS, S.L.P. con domicilio social en la calle Marqu\u00e9s de Villamagna, 3, 6\u00ba, 28001 \u2013 Madrid (Espa\u00f1a) y CIF n\u00famero: B-86575172 e inscrita en el Registro Mercantil de Madrid, Tomo: 30.289, Folio: 162, Hoja: M-545178, inscripci\u00f3n 1\u00aa, en adelante&#8230;  <a href=\"https:\/\/gtavillamagna.com\/en\/legal-notice\/\" title=\"Leer Legal\">Leer m\u00e1s &raquo;<\/a><\/p>\n","protected":false},"author":1,"featured_media":7518,"parent":0,"menu_order":8,"comment_status":"closed","ping_status":"closed","template":"","meta":{"_acf_changed":false,"footnotes":""},"class_list":["post-7683","page","type-page","status-publish","has-post-thumbnail","hentry"],"acf":[],"_links":{"self":[{"href":"https:\/\/gtavillamagna.com\/en\/wp-json\/wp\/v2\/pages\/7683","targetHints":{"allow":["GET"]}}],"collection":[{"href":"https:\/\/gtavillamagna.com\/en\/wp-json\/wp\/v2\/pages"}],"about":[{"href":"https:\/\/gtavillamagna.com\/en\/wp-json\/wp\/v2\/types\/page"}],"author":[{"embeddable":true,"href":"https:\/\/gtavillamagna.com\/en\/wp-json\/wp\/v2\/users\/1"}],"replies":[{"embeddable":true,"href":"https:\/\/gtavillamagna.com\/en\/wp-json\/wp\/v2\/comments?post=7683"}],"version-history":[{"count":7,"href":"https:\/\/gtavillamagna.com\/en\/wp-json\/wp\/v2\/pages\/7683\/revisions"}],"predecessor-version":[{"id":8914,"href":"https:\/\/gtavillamagna.com\/en\/wp-json\/wp\/v2\/pages\/7683\/revisions\/8914"}],"wp:featuredmedia":[{"embeddable":true,"href":"https:\/\/gtavillamagna.com\/en\/wp-json\/wp\/v2\/media\/7518"}],"wp:attachment":[{"href":"https:\/\/gtavillamagna.com\/en\/wp-json\/wp\/v2\/media?parent=7683"}],"curies":[{"name":"wp","href":"https:\/\/api.w.org\/{rel}","templated":true}]}}